{"id":34,"date":"2025-09-24T14:20:05","date_gmt":"2025-09-24T14:20:05","guid":{"rendered":"https:\/\/jensanthoons.be\/fr\/?page_id=34"},"modified":"2025-09-25T14:59:43","modified_gmt":"2025-09-25T14:59:43","slug":"contact","status":"publish","type":"page","link":"https:\/\/jensanthoons.be\/fr\/contact\/","title":{"rendered":"Contact"},"content":{"rendered":"<p>Adresse du cabinet<br \/>\nRue de l&rsquo;Abattoir 4<br \/>\n1000 Bruxelles-Centre<\/p>\n<p><img loading=\"lazy\" decoding=\"async\" class=\"alignnone size-medium wp-image-35\" src=\"https:\/\/jensanthoons.be\/fr\/wp-content\/uploads\/sites\/3\/2025\/09\/IMG_2337-300x169.jpeg\" alt=\"\" width=\"300\" height=\"169\" srcset=\"https:\/\/jensanthoons.be\/fr\/wp-content\/uploads\/sites\/3\/2025\/09\/IMG_2337-300x169.jpeg 300w, https:\/\/jensanthoons.be\/fr\/wp-content\/uploads\/sites\/3\/2025\/09\/IMG_2337-1024x577.jpeg 1024w, https:\/\/jensanthoons.be\/fr\/wp-content\/uploads\/sites\/3\/2025\/09\/IMG_2337-768x433.jpeg 768w, https:\/\/jensanthoons.be\/fr\/wp-content\/uploads\/sites\/3\/2025\/09\/IMG_2337.jpeg 1280w\" sizes=\"auto, (max-width: 300px) 100vw, 300px\" \/><\/p>\n<p><strong>Arr\u00eat Arts et M\u00e9tiers<\/strong> (tram 51\/82)<br \/>\n\u00c0 quelques minutes \u00e0 pied de<br \/>\nM\u00e9tro 1\/5 Sainte-Catherine<br \/>\nTram 3\/4 Bourse, Anneessens<br \/>\n(correspondance avec le tram 51\/82)<br \/>\nBus 33\/46\/48\/89<\/p>\n<p>Rendez-vous par t\u00e9l\u00e9phone au <a href=\"tel:+32498196077\">0498\/196077<\/a> ou<\/p>\n<p><a href=\"https:\/\/jensanthoons.be\/fr\/agenda-en-ligne\/\">Prendre rendez-vous en ligne<\/a><\/p>\n<p>Pour toute autre question, veuillez envoyer un <a href=\"mailto:jensanthoons@gmail.com\">e-mail<\/a><\/p>\n<p><!-- Calendly badge widget begin -->\n<link href=\"https:\/\/assets.calendly.com\/assets\/external\/widget.css\" rel=\"stylesheet\">\n<script src=\"https:\/\/assets.calendly.com\/assets\/external\/widget.js\" type=\"text\/javascript\" async><\/script><br \/>\n<script type=\"text\/javascript\">window.onload = function() { Calendly.initBadgeWidget({ url: 'https:\/\/calendly.com\/jensanthoons\/psychotherapie', text: 'Prendre rendez-vous', color: '#ff0079', textColor: '#ffffff'}); }<\/script><br \/>\n<!-- Calendly badge widget end --><\/p>\n","protected":false},"excerpt":{"rendered":"<p>Adresse du cabinet Rue de l&rsquo;Abattoir 4 1000 Bruxelles-Centre Arr\u00eat Arts et M\u00e9tiers (tram 51\/82) \u00c0 quelques minutes \u00e0 pied de M\u00e9tro 1\/5 Sainte-Catherine Tram 3\/4 Bourse, Anneessens (correspondance avec le tram 51\/82) Bus 33\/46\/48\/89 Rendez-vous par t\u00e9l\u00e9phone au 0498\/196077 ou Prendre rendez-vous en ligne Pour toute autre question, veuillez envoyer un e-mail<\/p>\n","protected":false},"author":1,"featured_media":0,"parent":0,"menu_order":0,"comment_status":"closed","ping_status":"closed","template":"","meta":{"footnotes":""},"class_list":["post-34","page","type-page","status-publish","hentry"],"yoast_head":"<!-- This site is optimized with the Yoast SEO plugin v27.3 - https:\/\/yoast.com\/product\/yoast-seo-wordpress\/ -->\n<title>Contact - Psychologue - Bruxelles<\/title>\n<meta name=\"robots\" content=\"index, follow, max-snippet:-1, max-image-preview:large, max-video-preview:-1\" \/>\n<link rel=\"canonical\" href=\"https:\/\/jensanthoons.be\/fr\/contact\/\" \/>\n<meta property=\"og:locale\" content=\"fr_FR\" \/>\n<meta property=\"og:type\" content=\"article\" \/>\n<meta property=\"og:title\" content=\"Contact - Psychologue - Bruxelles\" \/>\n<meta property=\"og:description\" content=\"Adresse du cabinet Rue de l&rsquo;Abattoir 4 1000 Bruxelles-Centre Arr\u00eat Arts et M\u00e9tiers (tram 51\/82) \u00c0 quelques minutes \u00e0 pied de M\u00e9tro 1\/5 Sainte-Catherine Tram 3\/4 Bourse, Anneessens (correspondance avec le tram 51\/82) Bus 33\/46\/48\/89 Rendez-vous par t\u00e9l\u00e9phone au 0498\/196077 ou Prendre rendez-vous en ligne Pour toute autre question, veuillez envoyer un e-mail\" \/>\n<meta property=\"og:url\" content=\"https:\/\/jensanthoons.be\/fr\/contact\/\" \/>\n<meta property=\"og:site_name\" content=\"Psychologue - Bruxelles\" \/>\n<meta property=\"article:modified_time\" content=\"2025-09-25T14:59:43+00:00\" \/>\n<meta property=\"og:image\" content=\"https:\/\/jensanthoons.be\/fr\/wp-content\/uploads\/sites\/3\/2025\/09\/IMG_2337.jpeg\" \/>\n\t<meta property=\"og:image:width\" content=\"1280\" \/>\n\t<meta property=\"og:image:height\" content=\"721\" \/>\n\t<meta property=\"og:image:type\" content=\"image\/jpeg\" \/>\n<meta name=\"twitter:card\" content=\"summary_large_image\" \/>\n<meta name=\"twitter:label1\" content=\"Dur\u00e9e de lecture estim\u00e9e\" \/>\n\t<meta name=\"twitter:data1\" content=\"1 minute\" \/>\n<script type=\"application\/ld+json\" class=\"yoast-schema-graph\">{\"@context\":\"https:\\\/\\\/schema.org\",\"@graph\":[{\"@type\":\"WebPage\",\"@id\":\"https:\\\/\\\/jensanthoons.be\\\/fr\\\/contact\\\/\",\"url\":\"https:\\\/\\\/jensanthoons.be\\\/fr\\\/contact\\\/\",\"name\":\"Contact - Psychologue - Bruxelles\",\"isPartOf\":{\"@id\":\"https:\\\/\\\/jensanthoons.be\\\/fr\\\/#website\"},\"primaryImageOfPage\":{\"@id\":\"https:\\\/\\\/jensanthoons.be\\\/fr\\\/contact\\\/#primaryimage\"},\"image\":{\"@id\":\"https:\\\/\\\/jensanthoons.be\\\/fr\\\/contact\\\/#primaryimage\"},\"thumbnailUrl\":\"https:\\\/\\\/jensanthoons.be\\\/fr\\\/wp-content\\\/uploads\\\/sites\\\/3\\\/2025\\\/09\\\/IMG_2337-300x169.jpeg\",\"datePublished\":\"2025-09-24T14:20:05+00:00\",\"dateModified\":\"2025-09-25T14:59:43+00:00\",\"breadcrumb\":{\"@id\":\"https:\\\/\\\/jensanthoons.be\\\/fr\\\/contact\\\/#breadcrumb\"},\"inLanguage\":\"fr-FR\",\"potentialAction\":[{\"@type\":\"ReadAction\",\"target\":[\"https:\\\/\\\/jensanthoons.be\\\/fr\\\/contact\\\/\"]}]},{\"@type\":\"ImageObject\",\"inLanguage\":\"fr-FR\",\"@id\":\"https:\\\/\\\/jensanthoons.be\\\/fr\\\/contact\\\/#primaryimage\",\"url\":\"https:\\\/\\\/jensanthoons.be\\\/fr\\\/wp-content\\\/uploads\\\/sites\\\/3\\\/2025\\\/09\\\/IMG_2337.jpeg\",\"contentUrl\":\"https:\\\/\\\/jensanthoons.be\\\/fr\\\/wp-content\\\/uploads\\\/sites\\\/3\\\/2025\\\/09\\\/IMG_2337.jpeg\",\"width\":1280,\"height\":721},{\"@type\":\"BreadcrumbList\",\"@id\":\"https:\\\/\\\/jensanthoons.be\\\/fr\\\/contact\\\/#breadcrumb\",\"itemListElement\":[{\"@type\":\"ListItem\",\"position\":1,\"name\":\"Home\",\"item\":\"https:\\\/\\\/jensanthoons.be\\\/fr\\\/\"},{\"@type\":\"ListItem\",\"position\":2,\"name\":\"Contact\"}]},{\"@type\":\"WebSite\",\"@id\":\"https:\\\/\\\/jensanthoons.be\\\/fr\\\/#website\",\"url\":\"https:\\\/\\\/jensanthoons.be\\\/fr\\\/\",\"name\":\"Psychologue - Bruxelles\",\"description\":\"Psychoth\u00e9rapie - Psychanalyse\",\"potentialAction\":[{\"@type\":\"SearchAction\",\"target\":{\"@type\":\"EntryPoint\",\"urlTemplate\":\"https:\\\/\\\/jensanthoons.be\\\/fr\\\/?s={search_term_string}\"},\"query-input\":{\"@type\":\"PropertyValueSpecification\",\"valueRequired\":true,\"valueName\":\"search_term_string\"}}],\"inLanguage\":\"fr-FR\"}]}<\/script>\n<!-- \/ Yoast SEO plugin. -->","yoast_head_json":{"title":"Contact - Psychologue - Bruxelles","robots":{"index":"index","follow":"follow","max-snippet":"max-snippet:-1","max-image-preview":"max-image-preview:large","max-video-preview":"max-video-preview:-1"},"canonical":"https:\/\/jensanthoons.be\/fr\/contact\/","og_locale":"fr_FR","og_type":"article","og_title":"Contact - Psychologue - Bruxelles","og_description":"Adresse du cabinet Rue de l&rsquo;Abattoir 4 1000 Bruxelles-Centre Arr\u00eat Arts et M\u00e9tiers (tram 51\/82) \u00c0 quelques minutes \u00e0 pied de M\u00e9tro 1\/5 Sainte-Catherine Tram 3\/4 Bourse, Anneessens (correspondance avec le tram 51\/82) Bus 33\/46\/48\/89 Rendez-vous par t\u00e9l\u00e9phone au 0498\/196077 ou Prendre rendez-vous en ligne Pour toute autre question, veuillez envoyer un e-mail","og_url":"https:\/\/jensanthoons.be\/fr\/contact\/","og_site_name":"Psychologue - Bruxelles","article_modified_time":"2025-09-25T14:59:43+00:00","og_image":[{"width":1280,"height":721,"url":"https:\/\/jensanthoons.be\/fr\/wp-content\/uploads\/sites\/3\/2025\/09\/IMG_2337.jpeg","type":"image\/jpeg"}],"twitter_card":"summary_large_image","twitter_misc":{"Dur\u00e9e de lecture estim\u00e9e":"1 minute"},"schema":{"@context":"https:\/\/schema.org","@graph":[{"@type":"WebPage","@id":"https:\/\/jensanthoons.be\/fr\/contact\/","url":"https:\/\/jensanthoons.be\/fr\/contact\/","name":"Contact - Psychologue - Bruxelles","isPartOf":{"@id":"https:\/\/jensanthoons.be\/fr\/#website"},"primaryImageOfPage":{"@id":"https:\/\/jensanthoons.be\/fr\/contact\/#primaryimage"},"image":{"@id":"https:\/\/jensanthoons.be\/fr\/contact\/#primaryimage"},"thumbnailUrl":"https:\/\/jensanthoons.be\/fr\/wp-content\/uploads\/sites\/3\/2025\/09\/IMG_2337-300x169.jpeg","datePublished":"2025-09-24T14:20:05+00:00","dateModified":"2025-09-25T14:59:43+00:00","breadcrumb":{"@id":"https:\/\/jensanthoons.be\/fr\/contact\/#breadcrumb"},"inLanguage":"fr-FR","potentialAction":[{"@type":"ReadAction","target":["https:\/\/jensanthoons.be\/fr\/contact\/"]}]},{"@type":"ImageObject","inLanguage":"fr-FR","@id":"https:\/\/jensanthoons.be\/fr\/contact\/#primaryimage","url":"https:\/\/jensanthoons.be\/fr\/wp-content\/uploads\/sites\/3\/2025\/09\/IMG_2337.jpeg","contentUrl":"https:\/\/jensanthoons.be\/fr\/wp-content\/uploads\/sites\/3\/2025\/09\/IMG_2337.jpeg","width":1280,"height":721},{"@type":"BreadcrumbList","@id":"https:\/\/jensanthoons.be\/fr\/contact\/#breadcrumb","itemListElement":[{"@type":"ListItem","position":1,"name":"Home","item":"https:\/\/jensanthoons.be\/fr\/"},{"@type":"ListItem","position":2,"name":"Contact"}]},{"@type":"WebSite","@id":"https:\/\/jensanthoons.be\/fr\/#website","url":"https:\/\/jensanthoons.be\/fr\/","name":"Psychologue - Bruxelles","description":"Psychoth\u00e9rapie - Psychanalyse","potentialAction":[{"@type":"SearchAction","target":{"@type":"EntryPoint","urlTemplate":"https:\/\/jensanthoons.be\/fr\/?s={search_term_string}"},"query-input":{"@type":"PropertyValueSpecification","valueRequired":true,"valueName":"search_term_string"}}],"inLanguage":"fr-FR"}]}},"_links":{"self":[{"href":"https:\/\/jensanthoons.be\/fr\/wp-json\/wp\/v2\/pages\/34","targetHints":{"allow":["GET"]}}],"collection":[{"href":"https:\/\/jensanthoons.be\/fr\/wp-json\/wp\/v2\/pages"}],"about":[{"href":"https:\/\/jensanthoons.be\/fr\/wp-json\/wp\/v2\/types\/page"}],"author":[{"embeddable":true,"href":"https:\/\/jensanthoons.be\/fr\/wp-json\/wp\/v2\/users\/1"}],"replies":[{"embeddable":true,"href":"https:\/\/jensanthoons.be\/fr\/wp-json\/wp\/v2\/comments?post=34"}],"version-history":[{"count":3,"href":"https:\/\/jensanthoons.be\/fr\/wp-json\/wp\/v2\/pages\/34\/revisions"}],"predecessor-version":[{"id":56,"href":"https:\/\/jensanthoons.be\/fr\/wp-json\/wp\/v2\/pages\/34\/revisions\/56"}],"wp:attachment":[{"href":"https:\/\/jensanthoons.be\/fr\/wp-json\/wp\/v2\/media?parent=34"}],"curies":[{"name":"wp","href":"https:\/\/api.w.org\/{rel}","templated":true}]}}