{"id":32,"date":"2025-09-24T14:13:31","date_gmt":"2025-09-24T14:13:31","guid":{"rendered":"https:\/\/jensanthoons.be\/fr\/?page_id=32"},"modified":"2025-09-25T14:59:00","modified_gmt":"2025-09-25T14:59:00","slug":"parcours","status":"publish","type":"page","link":"https:\/\/jensanthoons.be\/fr\/parcours\/","title":{"rendered":"Parcours"},"content":{"rendered":"<p>Jens Anthoons est psychologue clinicien et psychoth\u00e9rapeute psychanalytique. Il a travaill\u00e9 pendant dix ans comme psychologue dans le cadre de missions militaires et a \u00e9galement ouvert son propre cabinet \u00e0 Bruxelles. Sa formation analytique et sa formation continue ont d\u00e9but\u00e9 en 2009 \u00e0 l&rsquo;\u00c9cole belge de psychanalyse (EBP) et se sont poursuivies \u00e0 partir de 2019 au Champ freudien (Section clinique) (-2024) et \u00e0 l&rsquo;\u00c9cole de la Cause freudienne (ACF-Belgique) (analyse, cartel) (-aujourd&rsquo;hui). Membre effectif de l&rsquo;Union professionnelle des psychologues (UPPsy), de l&rsquo;Association des psychologues praticiens d&rsquo;orientation psychanalytique (APPPsy) et de l&rsquo;Association professionnelle des psychologues cliniciens de la parole et du langage (APPELpsy). Plus d&rsquo;informations via ces liens.<\/p>\n<p>&nbsp;<\/p>\n<p><iframe style=\"width: 400px; height: 200px; border: none;\" src=\"https:\/\/www.compsy.be\/psychologue\/embed\/17165\"><\/iframe><\/p>\n<p><!-- Calendly badge widget begin -->\n<link href=\"https:\/\/assets.calendly.com\/assets\/external\/widget.css\" rel=\"stylesheet\">\n<script src=\"https:\/\/assets.calendly.com\/assets\/external\/widget.js\" type=\"text\/javascript\" async><\/script><br \/>\n<script type=\"text\/javascript\">window.onload = function() { Calendly.initBadgeWidget({ url: 'https:\/\/calendly.com\/jensanthoons\/psychotherapie', text: 'Prendre rendez-vous', color: '#ff0079', textColor: '#ffffff'}); }<\/script><br \/>\n<!-- Calendly badge widget end --><\/p>\n","protected":false},"excerpt":{"rendered":"<p>Jens Anthoons est psychologue clinicien et psychoth\u00e9rapeute psychanalytique. Il a travaill\u00e9 pendant dix ans comme psychologue dans le cadre de missions militaires et a \u00e9galement ouvert son propre cabinet \u00e0 Bruxelles. Sa formation analytique et sa formation continue ont d\u00e9but\u00e9 en 2009 \u00e0 l&rsquo;\u00c9cole belge de psychanalyse (EBP) et se sont poursuivies \u00e0 partir de [&hellip;]<\/p>\n","protected":false},"author":1,"featured_media":0,"parent":0,"menu_order":0,"comment_status":"closed","ping_status":"closed","template":"","meta":{"footnotes":""},"class_list":["post-32","page","type-page","status-publish","hentry"],"yoast_head":"<!-- This site is optimized with the Yoast SEO plugin v27.3 - https:\/\/yoast.com\/product\/yoast-seo-wordpress\/ -->\n<title>Parcours - Psychologue - Bruxelles<\/title>\n<meta name=\"robots\" content=\"index, follow, max-snippet:-1, max-image-preview:large, max-video-preview:-1\" \/>\n<link rel=\"canonical\" href=\"https:\/\/jensanthoons.be\/fr\/parcours\/\" \/>\n<meta property=\"og:locale\" content=\"fr_FR\" \/>\n<meta property=\"og:type\" content=\"article\" \/>\n<meta property=\"og:title\" content=\"Parcours - Psychologue - Bruxelles\" \/>\n<meta property=\"og:description\" content=\"Jens Anthoons est psychologue clinicien et psychoth\u00e9rapeute psychanalytique. Il a travaill\u00e9 pendant dix ans comme psychologue dans le cadre de missions militaires et a \u00e9galement ouvert son propre cabinet \u00e0 Bruxelles. Sa formation analytique et sa formation continue ont d\u00e9but\u00e9 en 2009 \u00e0 l&rsquo;\u00c9cole belge de psychanalyse (EBP) et se sont poursuivies \u00e0 partir de [&hellip;]\" \/>\n<meta property=\"og:url\" content=\"https:\/\/jensanthoons.be\/fr\/parcours\/\" \/>\n<meta property=\"og:site_name\" content=\"Psychologue - Bruxelles\" \/>\n<meta property=\"article:modified_time\" content=\"2025-09-25T14:59:00+00:00\" \/>\n<meta name=\"twitter:card\" content=\"summary_large_image\" \/>\n<meta name=\"twitter:label1\" content=\"Dur\u00e9e de lecture estim\u00e9e\" \/>\n\t<meta name=\"twitter:data1\" content=\"1 minute\" \/>\n<script type=\"application\/ld+json\" class=\"yoast-schema-graph\">{\"@context\":\"https:\\\/\\\/schema.org\",\"@graph\":[{\"@type\":\"WebPage\",\"@id\":\"https:\\\/\\\/jensanthoons.be\\\/fr\\\/parcours\\\/\",\"url\":\"https:\\\/\\\/jensanthoons.be\\\/fr\\\/parcours\\\/\",\"name\":\"Parcours - Psychologue - Bruxelles\",\"isPartOf\":{\"@id\":\"https:\\\/\\\/jensanthoons.be\\\/fr\\\/#website\"},\"datePublished\":\"2025-09-24T14:13:31+00:00\",\"dateModified\":\"2025-09-25T14:59:00+00:00\",\"breadcrumb\":{\"@id\":\"https:\\\/\\\/jensanthoons.be\\\/fr\\\/parcours\\\/#breadcrumb\"},\"inLanguage\":\"fr-FR\",\"potentialAction\":[{\"@type\":\"ReadAction\",\"target\":[\"https:\\\/\\\/jensanthoons.be\\\/fr\\\/parcours\\\/\"]}]},{\"@type\":\"BreadcrumbList\",\"@id\":\"https:\\\/\\\/jensanthoons.be\\\/fr\\\/parcours\\\/#breadcrumb\",\"itemListElement\":[{\"@type\":\"ListItem\",\"position\":1,\"name\":\"Home\",\"item\":\"https:\\\/\\\/jensanthoons.be\\\/fr\\\/\"},{\"@type\":\"ListItem\",\"position\":2,\"name\":\"Parcours\"}]},{\"@type\":\"WebSite\",\"@id\":\"https:\\\/\\\/jensanthoons.be\\\/fr\\\/#website\",\"url\":\"https:\\\/\\\/jensanthoons.be\\\/fr\\\/\",\"name\":\"Psychologue - Bruxelles\",\"description\":\"Psychoth\u00e9rapie - Psychanalyse\",\"potentialAction\":[{\"@type\":\"SearchAction\",\"target\":{\"@type\":\"EntryPoint\",\"urlTemplate\":\"https:\\\/\\\/jensanthoons.be\\\/fr\\\/?s={search_term_string}\"},\"query-input\":{\"@type\":\"PropertyValueSpecification\",\"valueRequired\":true,\"valueName\":\"search_term_string\"}}],\"inLanguage\":\"fr-FR\"}]}<\/script>\n<!-- \/ Yoast SEO plugin. -->","yoast_head_json":{"title":"Parcours - Psychologue - Bruxelles","robots":{"index":"index","follow":"follow","max-snippet":"max-snippet:-1","max-image-preview":"max-image-preview:large","max-video-preview":"max-video-preview:-1"},"canonical":"https:\/\/jensanthoons.be\/fr\/parcours\/","og_locale":"fr_FR","og_type":"article","og_title":"Parcours - Psychologue - Bruxelles","og_description":"Jens Anthoons est psychologue clinicien et psychoth\u00e9rapeute psychanalytique. Il a travaill\u00e9 pendant dix ans comme psychologue dans le cadre de missions militaires et a \u00e9galement ouvert son propre cabinet \u00e0 Bruxelles. Sa formation analytique et sa formation continue ont d\u00e9but\u00e9 en 2009 \u00e0 l&rsquo;\u00c9cole belge de psychanalyse (EBP) et se sont poursuivies \u00e0 partir de [&hellip;]","og_url":"https:\/\/jensanthoons.be\/fr\/parcours\/","og_site_name":"Psychologue - Bruxelles","article_modified_time":"2025-09-25T14:59:00+00:00","twitter_card":"summary_large_image","twitter_misc":{"Dur\u00e9e de lecture estim\u00e9e":"1 minute"},"schema":{"@context":"https:\/\/schema.org","@graph":[{"@type":"WebPage","@id":"https:\/\/jensanthoons.be\/fr\/parcours\/","url":"https:\/\/jensanthoons.be\/fr\/parcours\/","name":"Parcours - Psychologue - Bruxelles","isPartOf":{"@id":"https:\/\/jensanthoons.be\/fr\/#website"},"datePublished":"2025-09-24T14:13:31+00:00","dateModified":"2025-09-25T14:59:00+00:00","breadcrumb":{"@id":"https:\/\/jensanthoons.be\/fr\/parcours\/#breadcrumb"},"inLanguage":"fr-FR","potentialAction":[{"@type":"ReadAction","target":["https:\/\/jensanthoons.be\/fr\/parcours\/"]}]},{"@type":"BreadcrumbList","@id":"https:\/\/jensanthoons.be\/fr\/parcours\/#breadcrumb","itemListElement":[{"@type":"ListItem","position":1,"name":"Home","item":"https:\/\/jensanthoons.be\/fr\/"},{"@type":"ListItem","position":2,"name":"Parcours"}]},{"@type":"WebSite","@id":"https:\/\/jensanthoons.be\/fr\/#website","url":"https:\/\/jensanthoons.be\/fr\/","name":"Psychologue - Bruxelles","description":"Psychoth\u00e9rapie - Psychanalyse","potentialAction":[{"@type":"SearchAction","target":{"@type":"EntryPoint","urlTemplate":"https:\/\/jensanthoons.be\/fr\/?s={search_term_string}"},"query-input":{"@type":"PropertyValueSpecification","valueRequired":true,"valueName":"search_term_string"}}],"inLanguage":"fr-FR"}]}},"_links":{"self":[{"href":"https:\/\/jensanthoons.be\/fr\/wp-json\/wp\/v2\/pages\/32","targetHints":{"allow":["GET"]}}],"collection":[{"href":"https:\/\/jensanthoons.be\/fr\/wp-json\/wp\/v2\/pages"}],"about":[{"href":"https:\/\/jensanthoons.be\/fr\/wp-json\/wp\/v2\/types\/page"}],"author":[{"embeddable":true,"href":"https:\/\/jensanthoons.be\/fr\/wp-json\/wp\/v2\/users\/1"}],"replies":[{"embeddable":true,"href":"https:\/\/jensanthoons.be\/fr\/wp-json\/wp\/v2\/comments?post=32"}],"version-history":[{"count":2,"href":"https:\/\/jensanthoons.be\/fr\/wp-json\/wp\/v2\/pages\/32\/revisions"}],"predecessor-version":[{"id":55,"href":"https:\/\/jensanthoons.be\/fr\/wp-json\/wp\/v2\/pages\/32\/revisions\/55"}],"wp:attachment":[{"href":"https:\/\/jensanthoons.be\/fr\/wp-json\/wp\/v2\/media?parent=32"}],"curies":[{"name":"wp","href":"https:\/\/api.w.org\/{rel}","templated":true}]}}