{"id":27,"date":"2025-09-24T14:02:30","date_gmt":"2025-09-24T14:02:30","guid":{"rendered":"https:\/\/jensanthoons.be\/fr\/?page_id=27"},"modified":"2025-09-25T15:00:10","modified_gmt":"2025-09-25T15:00:10","slug":"pratique","status":"publish","type":"page","link":"https:\/\/jensanthoons.be\/fr\/pratique\/","title":{"rendered":"Pratique"},"content":{"rendered":"<p>Vous pouvez prendre <strong>rendez-vous<\/strong> par <strong>t\u00e9l\u00e9phone<\/strong> au <a href=\"tel:+32498196077\">0498196077<\/a> ou <strong>en ligne<\/strong> :<\/p>\n<p><a href=\"https:\/\/jensanthoons.be\/fr\/agenda-en-ligne\/\">Prendre rendez-vous<\/a><\/p>\n<p><img loading=\"lazy\" decoding=\"async\" class=\"alignnone size-medium wp-image-20\" src=\"https:\/\/jensanthoons.be\/fr\/wp-content\/uploads\/sites\/3\/2025\/09\/DSC03186-1-300x200.jpeg\" alt=\"\" width=\"300\" height=\"200\" srcset=\"https:\/\/jensanthoons.be\/fr\/wp-content\/uploads\/sites\/3\/2025\/09\/DSC03186-1-300x200.jpeg 300w, https:\/\/jensanthoons.be\/fr\/wp-content\/uploads\/sites\/3\/2025\/09\/DSC03186-1-1024x683.jpeg 1024w, https:\/\/jensanthoons.be\/fr\/wp-content\/uploads\/sites\/3\/2025\/09\/DSC03186-1-768x512.jpeg 768w, https:\/\/jensanthoons.be\/fr\/wp-content\/uploads\/sites\/3\/2025\/09\/DSC03186-1.jpeg 1280w\" sizes=\"auto, (max-width: 300px) 100vw, 300px\" \/><\/p>\n<p>Le <strong>paiement<\/strong> sur place peut \u00eatre effectu\u00e9 via Payconiq ou en esp\u00e8ces.<br \/>\nTarif standard <span style=\"text-decoration: underline;\">par s\u00e9ance<\/span> : 55 EUR.<br \/>\nTarif n\u00e9gociable si n\u00e9cessaire.<\/p>\n<p><strong>Annulation<\/strong> 48 heures \u00e0 l&rsquo;avance, sinon la s\u00e9ance sera factur\u00e9e.<br \/>\nAutres conditions orales \u00e0 discuter.<\/p>\n<p>Pour plus d&rsquo;informations sur le <strong>remboursement<\/strong>, veuillez contacter votre mutuelle et\/ou d&rsquo;autres assurances. Presque toutes les mutuelles pr\u00e9voient un remboursement partiel d&rsquo;un nombre limit\u00e9 de s\u00e9ances. Ceci afin d&rsquo;encourager le d\u00e9marrage d&rsquo;une psychoth\u00e9rapie. Vous trouverez une demande de remboursement en ligne que vous pouvez envoyer par e-mail ou apporter \u00e0 la s\u00e9ance.<\/p>\n<p>Pour l&rsquo;adresse du cabinet et plus d&rsquo;informations, cliquez <a href=\"https:\/\/jensanthoons.be\/fr\/contact\/\">ici<\/a><\/p>\n<p><!-- Calendly badge widget begin -->\n<link href=\"https:\/\/assets.calendly.com\/assets\/external\/widget.css\" rel=\"stylesheet\">\n<script src=\"https:\/\/assets.calendly.com\/assets\/external\/widget.js\" type=\"text\/javascript\" async><\/script><br \/>\n<script type=\"text\/javascript\">window.onload = function() { Calendly.initBadgeWidget({ url: 'https:\/\/calendly.com\/jensanthoons\/psychotherapie', text: 'Prendre rendez-vous', color: '#ff0079', textColor: '#ffffff'}); }<\/script><br \/>\n<!-- Calendly badge widget end --><\/p>\n","protected":false},"excerpt":{"rendered":"<p>Vous pouvez prendre rendez-vous par t\u00e9l\u00e9phone au 0498196077 ou en ligne : Prendre rendez-vous Le paiement sur place peut \u00eatre effectu\u00e9 via Payconiq ou en esp\u00e8ces. Tarif standard par s\u00e9ance : 55 EUR. Tarif n\u00e9gociable si n\u00e9cessaire. Annulation 48 heures \u00e0 l&rsquo;avance, sinon la s\u00e9ance sera factur\u00e9e. Autres conditions orales \u00e0 discuter. Pour plus d&rsquo;informations [&hellip;]<\/p>\n","protected":false},"author":1,"featured_media":0,"parent":0,"menu_order":0,"comment_status":"closed","ping_status":"closed","template":"","meta":{"footnotes":""},"class_list":["post-27","page","type-page","status-publish","hentry"],"yoast_head":"<!-- This site is optimized with the Yoast SEO plugin v27.3 - https:\/\/yoast.com\/product\/yoast-seo-wordpress\/ -->\n<title>Pratique - Psychologue - Bruxelles<\/title>\n<meta name=\"robots\" content=\"index, follow, max-snippet:-1, max-image-preview:large, max-video-preview:-1\" \/>\n<link rel=\"canonical\" href=\"https:\/\/jensanthoons.be\/fr\/pratique\/\" \/>\n<meta property=\"og:locale\" content=\"fr_FR\" \/>\n<meta property=\"og:type\" content=\"article\" \/>\n<meta property=\"og:title\" content=\"Pratique - Psychologue - Bruxelles\" \/>\n<meta property=\"og:description\" content=\"Vous pouvez prendre rendez-vous par t\u00e9l\u00e9phone au 0498196077 ou en ligne : Prendre rendez-vous Le paiement sur place peut \u00eatre effectu\u00e9 via Payconiq ou en esp\u00e8ces. Tarif standard par s\u00e9ance : 55 EUR. Tarif n\u00e9gociable si n\u00e9cessaire. Annulation 48 heures \u00e0 l&rsquo;avance, sinon la s\u00e9ance sera factur\u00e9e. Autres conditions orales \u00e0 discuter. Pour plus d&rsquo;informations [&hellip;]\" \/>\n<meta property=\"og:url\" content=\"https:\/\/jensanthoons.be\/fr\/pratique\/\" \/>\n<meta property=\"og:site_name\" content=\"Psychologue - Bruxelles\" \/>\n<meta property=\"article:modified_time\" content=\"2025-09-25T15:00:10+00:00\" \/>\n<meta property=\"og:image\" content=\"https:\/\/jensanthoons.be\/fr\/wp-content\/uploads\/sites\/3\/2025\/09\/DSC03186-1.jpeg\" \/>\n\t<meta property=\"og:image:width\" content=\"1280\" \/>\n\t<meta property=\"og:image:height\" content=\"854\" \/>\n\t<meta property=\"og:image:type\" content=\"image\/jpeg\" \/>\n<meta name=\"twitter:card\" content=\"summary_large_image\" \/>\n<meta name=\"twitter:label1\" content=\"Dur\u00e9e de lecture estim\u00e9e\" \/>\n\t<meta name=\"twitter:data1\" content=\"1 minute\" \/>\n<script type=\"application\/ld+json\" class=\"yoast-schema-graph\">{\"@context\":\"https:\\\/\\\/schema.org\",\"@graph\":[{\"@type\":\"WebPage\",\"@id\":\"https:\\\/\\\/jensanthoons.be\\\/fr\\\/pratique\\\/\",\"url\":\"https:\\\/\\\/jensanthoons.be\\\/fr\\\/pratique\\\/\",\"name\":\"Pratique - Psychologue - Bruxelles\",\"isPartOf\":{\"@id\":\"https:\\\/\\\/jensanthoons.be\\\/fr\\\/#website\"},\"primaryImageOfPage\":{\"@id\":\"https:\\\/\\\/jensanthoons.be\\\/fr\\\/pratique\\\/#primaryimage\"},\"image\":{\"@id\":\"https:\\\/\\\/jensanthoons.be\\\/fr\\\/pratique\\\/#primaryimage\"},\"thumbnailUrl\":\"https:\\\/\\\/jensanthoons.be\\\/fr\\\/wp-content\\\/uploads\\\/sites\\\/3\\\/2025\\\/09\\\/DSC03186-1-300x200.jpeg\",\"datePublished\":\"2025-09-24T14:02:30+00:00\",\"dateModified\":\"2025-09-25T15:00:10+00:00\",\"breadcrumb\":{\"@id\":\"https:\\\/\\\/jensanthoons.be\\\/fr\\\/pratique\\\/#breadcrumb\"},\"inLanguage\":\"fr-FR\",\"potentialAction\":[{\"@type\":\"ReadAction\",\"target\":[\"https:\\\/\\\/jensanthoons.be\\\/fr\\\/pratique\\\/\"]}]},{\"@type\":\"ImageObject\",\"inLanguage\":\"fr-FR\",\"@id\":\"https:\\\/\\\/jensanthoons.be\\\/fr\\\/pratique\\\/#primaryimage\",\"url\":\"https:\\\/\\\/jensanthoons.be\\\/fr\\\/wp-content\\\/uploads\\\/sites\\\/3\\\/2025\\\/09\\\/DSC03186-1.jpeg\",\"contentUrl\":\"https:\\\/\\\/jensanthoons.be\\\/fr\\\/wp-content\\\/uploads\\\/sites\\\/3\\\/2025\\\/09\\\/DSC03186-1.jpeg\",\"width\":1280,\"height\":854},{\"@type\":\"BreadcrumbList\",\"@id\":\"https:\\\/\\\/jensanthoons.be\\\/fr\\\/pratique\\\/#breadcrumb\",\"itemListElement\":[{\"@type\":\"ListItem\",\"position\":1,\"name\":\"Home\",\"item\":\"https:\\\/\\\/jensanthoons.be\\\/fr\\\/\"},{\"@type\":\"ListItem\",\"position\":2,\"name\":\"Pratique\"}]},{\"@type\":\"WebSite\",\"@id\":\"https:\\\/\\\/jensanthoons.be\\\/fr\\\/#website\",\"url\":\"https:\\\/\\\/jensanthoons.be\\\/fr\\\/\",\"name\":\"Psychologue - Bruxelles\",\"description\":\"Psychoth\u00e9rapie - Psychanalyse\",\"potentialAction\":[{\"@type\":\"SearchAction\",\"target\":{\"@type\":\"EntryPoint\",\"urlTemplate\":\"https:\\\/\\\/jensanthoons.be\\\/fr\\\/?s={search_term_string}\"},\"query-input\":{\"@type\":\"PropertyValueSpecification\",\"valueRequired\":true,\"valueName\":\"search_term_string\"}}],\"inLanguage\":\"fr-FR\"}]}<\/script>\n<!-- \/ Yoast SEO plugin. -->","yoast_head_json":{"title":"Pratique - Psychologue - Bruxelles","robots":{"index":"index","follow":"follow","max-snippet":"max-snippet:-1","max-image-preview":"max-image-preview:large","max-video-preview":"max-video-preview:-1"},"canonical":"https:\/\/jensanthoons.be\/fr\/pratique\/","og_locale":"fr_FR","og_type":"article","og_title":"Pratique - Psychologue - Bruxelles","og_description":"Vous pouvez prendre rendez-vous par t\u00e9l\u00e9phone au 0498196077 ou en ligne : Prendre rendez-vous Le paiement sur place peut \u00eatre effectu\u00e9 via Payconiq ou en esp\u00e8ces. Tarif standard par s\u00e9ance : 55 EUR. Tarif n\u00e9gociable si n\u00e9cessaire. Annulation 48 heures \u00e0 l&rsquo;avance, sinon la s\u00e9ance sera factur\u00e9e. Autres conditions orales \u00e0 discuter. Pour plus d&rsquo;informations [&hellip;]","og_url":"https:\/\/jensanthoons.be\/fr\/pratique\/","og_site_name":"Psychologue - Bruxelles","article_modified_time":"2025-09-25T15:00:10+00:00","og_image":[{"width":1280,"height":854,"url":"https:\/\/jensanthoons.be\/fr\/wp-content\/uploads\/sites\/3\/2025\/09\/DSC03186-1.jpeg","type":"image\/jpeg"}],"twitter_card":"summary_large_image","twitter_misc":{"Dur\u00e9e de lecture estim\u00e9e":"1 minute"},"schema":{"@context":"https:\/\/schema.org","@graph":[{"@type":"WebPage","@id":"https:\/\/jensanthoons.be\/fr\/pratique\/","url":"https:\/\/jensanthoons.be\/fr\/pratique\/","name":"Pratique - Psychologue - Bruxelles","isPartOf":{"@id":"https:\/\/jensanthoons.be\/fr\/#website"},"primaryImageOfPage":{"@id":"https:\/\/jensanthoons.be\/fr\/pratique\/#primaryimage"},"image":{"@id":"https:\/\/jensanthoons.be\/fr\/pratique\/#primaryimage"},"thumbnailUrl":"https:\/\/jensanthoons.be\/fr\/wp-content\/uploads\/sites\/3\/2025\/09\/DSC03186-1-300x200.jpeg","datePublished":"2025-09-24T14:02:30+00:00","dateModified":"2025-09-25T15:00:10+00:00","breadcrumb":{"@id":"https:\/\/jensanthoons.be\/fr\/pratique\/#breadcrumb"},"inLanguage":"fr-FR","potentialAction":[{"@type":"ReadAction","target":["https:\/\/jensanthoons.be\/fr\/pratique\/"]}]},{"@type":"ImageObject","inLanguage":"fr-FR","@id":"https:\/\/jensanthoons.be\/fr\/pratique\/#primaryimage","url":"https:\/\/jensanthoons.be\/fr\/wp-content\/uploads\/sites\/3\/2025\/09\/DSC03186-1.jpeg","contentUrl":"https:\/\/jensanthoons.be\/fr\/wp-content\/uploads\/sites\/3\/2025\/09\/DSC03186-1.jpeg","width":1280,"height":854},{"@type":"BreadcrumbList","@id":"https:\/\/jensanthoons.be\/fr\/pratique\/#breadcrumb","itemListElement":[{"@type":"ListItem","position":1,"name":"Home","item":"https:\/\/jensanthoons.be\/fr\/"},{"@type":"ListItem","position":2,"name":"Pratique"}]},{"@type":"WebSite","@id":"https:\/\/jensanthoons.be\/fr\/#website","url":"https:\/\/jensanthoons.be\/fr\/","name":"Psychologue - Bruxelles","description":"Psychoth\u00e9rapie - Psychanalyse","potentialAction":[{"@type":"SearchAction","target":{"@type":"EntryPoint","urlTemplate":"https:\/\/jensanthoons.be\/fr\/?s={search_term_string}"},"query-input":{"@type":"PropertyValueSpecification","valueRequired":true,"valueName":"search_term_string"}}],"inLanguage":"fr-FR"}]}},"_links":{"self":[{"href":"https:\/\/jensanthoons.be\/fr\/wp-json\/wp\/v2\/pages\/27","targetHints":{"allow":["GET"]}}],"collection":[{"href":"https:\/\/jensanthoons.be\/fr\/wp-json\/wp\/v2\/pages"}],"about":[{"href":"https:\/\/jensanthoons.be\/fr\/wp-json\/wp\/v2\/types\/page"}],"author":[{"embeddable":true,"href":"https:\/\/jensanthoons.be\/fr\/wp-json\/wp\/v2\/users\/1"}],"replies":[{"embeddable":true,"href":"https:\/\/jensanthoons.be\/fr\/wp-json\/wp\/v2\/comments?post=27"}],"version-history":[{"count":3,"href":"https:\/\/jensanthoons.be\/fr\/wp-json\/wp\/v2\/pages\/27\/revisions"}],"predecessor-version":[{"id":57,"href":"https:\/\/jensanthoons.be\/fr\/wp-json\/wp\/v2\/pages\/27\/revisions\/57"}],"wp:attachment":[{"href":"https:\/\/jensanthoons.be\/fr\/wp-json\/wp\/v2\/media?parent=27"}],"curies":[{"name":"wp","href":"https:\/\/api.w.org\/{rel}","templated":true}]}}