{"id":17,"date":"2025-09-24T13:02:56","date_gmt":"2025-09-24T13:02:56","guid":{"rendered":"https:\/\/jensanthoons.be\/fr\/?page_id=17"},"modified":"2025-09-25T15:00:34","modified_gmt":"2025-09-25T15:00:34","slug":"psychotherapie","status":"publish","type":"page","link":"https:\/\/jensanthoons.be\/fr\/psychotherapie\/","title":{"rendered":"Psychoth\u00e9rapie"},"content":{"rendered":"<p><img loading=\"lazy\" decoding=\"async\" class=\"alignnone size-medium wp-image-21\" src=\"https:\/\/jensanthoons.be\/fr\/wp-content\/uploads\/sites\/3\/2025\/09\/IMG_2327-1-225x300.jpeg\" alt=\"\" width=\"225\" height=\"300\" srcset=\"https:\/\/jensanthoons.be\/fr\/wp-content\/uploads\/sites\/3\/2025\/09\/IMG_2327-1-225x300.jpeg 225w, https:\/\/jensanthoons.be\/fr\/wp-content\/uploads\/sites\/3\/2025\/09\/IMG_2327-1-768x1024.jpeg 768w, https:\/\/jensanthoons.be\/fr\/wp-content\/uploads\/sites\/3\/2025\/09\/IMG_2327-1.jpeg 960w\" sizes=\"auto, (max-width: 225px) 100vw, 225px\" \/><\/p>\n<p>La psychoth\u00e9rapie psychanalytique est une application de la psychanalyse qui vous permet de parler de votre situation actuelle dans un cadre d\u00e9fini. Il est faux de croire que la psychanalyse s&rsquo;int\u00e9resse principalement au pass\u00e9, car vos solutions pour aujourd&rsquo;hui ne se trouvent pas dans le pass\u00e9. Elle examine toutefois comment les exp\u00e9riences et les nouages structurels s&rsquo;appliquent \u00e0 votre situation actuelle.<\/p>\n<p>Il est fort possible que cela s&rsquo;accompagne de plaintes sp\u00e9cifiques, de sympt\u00f4mes physiques et\/ou psychiques tels que l&rsquo;hyperventilation, les crises de panique ou de col\u00e8re, la d\u00e9pendance, la neurasth\u00e9nie (burnout), l&rsquo;anxi\u00e9t\u00e9, les phobies, l&rsquo;hypocondrie, les pens\u00e9es et actes compulsifs, les tendances suicidaires, les d\u00e9lires, une image de soi perturb\u00e9e, la d\u00e9pression, etc. Des complications telles que les traumatismes et le deuil doivent \u00e9galement \u00eatre prises en compte.<\/p>\n<p>Le point de d\u00e9part est toujours votre situation actuelle, l&rsquo;impasse dans laquelle vous vous trouvez actuellement.<br \/>\nTraitement \u00e9galement en cas de n\u00e9vrose prononc\u00e9e, de psychose et d&rsquo;autisme.<\/p>\n<p>Plus d&rsquo;informations sur le d\u00e9roulement pratique <a href=\"https:\/\/jensanthoons.be\/fr\/pratique\/\">ici<\/a>.<\/p>\n<p><!-- Calendly badge widget begin -->\n<link href=\"https:\/\/assets.calendly.com\/assets\/external\/widget.css\" rel=\"stylesheet\">\n<script src=\"https:\/\/assets.calendly.com\/assets\/external\/widget.js\" type=\"text\/javascript\" async><\/script><br \/>\n<script type=\"text\/javascript\">window.onload = function() { Calendly.initBadgeWidget({ url: 'https:\/\/calendly.com\/jensanthoons\/psychotherapie', text: 'Prendre rendez-vous', color: '#ff0079', textColor: '#ffffff'}); }<\/script><br \/>\n<!-- Calendly badge widget end --><\/p>\n","protected":false},"excerpt":{"rendered":"<p>La psychoth\u00e9rapie psychanalytique est une application de la psychanalyse qui vous permet de parler de votre situation actuelle dans un cadre d\u00e9fini. Il est faux de croire que la psychanalyse s&rsquo;int\u00e9resse principalement au pass\u00e9, car vos solutions pour aujourd&rsquo;hui ne se trouvent pas dans le pass\u00e9. Elle examine toutefois comment les exp\u00e9riences et les nouages [&hellip;]<\/p>\n","protected":false},"author":1,"featured_media":0,"parent":0,"menu_order":0,"comment_status":"closed","ping_status":"closed","template":"","meta":{"footnotes":""},"class_list":["post-17","page","type-page","status-publish","hentry"],"yoast_head":"<!-- This site is optimized with the Yoast SEO plugin v27.3 - https:\/\/yoast.com\/product\/yoast-seo-wordpress\/ -->\n<title>Psychoth\u00e9rapie - Psychologue - Bruxelles<\/title>\n<meta name=\"robots\" content=\"index, follow, max-snippet:-1, max-image-preview:large, max-video-preview:-1\" \/>\n<link rel=\"canonical\" href=\"https:\/\/jensanthoons.be\/fr\/psychotherapie\/\" \/>\n<meta property=\"og:locale\" content=\"fr_FR\" \/>\n<meta property=\"og:type\" content=\"article\" \/>\n<meta property=\"og:title\" content=\"Psychoth\u00e9rapie - Psychologue - Bruxelles\" \/>\n<meta property=\"og:description\" content=\"La psychoth\u00e9rapie psychanalytique est une application de la psychanalyse qui vous permet de parler de votre situation actuelle dans un cadre d\u00e9fini. Il est faux de croire que la psychanalyse s&rsquo;int\u00e9resse principalement au pass\u00e9, car vos solutions pour aujourd&rsquo;hui ne se trouvent pas dans le pass\u00e9. Elle examine toutefois comment les exp\u00e9riences et les nouages [&hellip;]\" \/>\n<meta property=\"og:url\" content=\"https:\/\/jensanthoons.be\/fr\/psychotherapie\/\" \/>\n<meta property=\"og:site_name\" content=\"Psychologue - Bruxelles\" \/>\n<meta property=\"article:modified_time\" content=\"2025-09-25T15:00:34+00:00\" \/>\n<meta property=\"og:image\" content=\"https:\/\/jensanthoons.be\/fr\/wp-content\/uploads\/sites\/3\/2025\/09\/IMG_2327-1.jpeg\" \/>\n\t<meta property=\"og:image:width\" content=\"960\" \/>\n\t<meta property=\"og:image:height\" content=\"1280\" \/>\n\t<meta property=\"og:image:type\" content=\"image\/jpeg\" \/>\n<meta name=\"twitter:card\" content=\"summary_large_image\" \/>\n<meta name=\"twitter:label1\" content=\"Dur\u00e9e de lecture estim\u00e9e\" \/>\n\t<meta name=\"twitter:data1\" content=\"2 minutes\" \/>\n<script type=\"application\/ld+json\" class=\"yoast-schema-graph\">{\"@context\":\"https:\\\/\\\/schema.org\",\"@graph\":[{\"@type\":\"WebPage\",\"@id\":\"https:\\\/\\\/jensanthoons.be\\\/fr\\\/psychotherapie\\\/\",\"url\":\"https:\\\/\\\/jensanthoons.be\\\/fr\\\/psychotherapie\\\/\",\"name\":\"Psychoth\u00e9rapie - Psychologue - Bruxelles\",\"isPartOf\":{\"@id\":\"https:\\\/\\\/jensanthoons.be\\\/fr\\\/#website\"},\"primaryImageOfPage\":{\"@id\":\"https:\\\/\\\/jensanthoons.be\\\/fr\\\/psychotherapie\\\/#primaryimage\"},\"image\":{\"@id\":\"https:\\\/\\\/jensanthoons.be\\\/fr\\\/psychotherapie\\\/#primaryimage\"},\"thumbnailUrl\":\"https:\\\/\\\/jensanthoons.be\\\/fr\\\/wp-content\\\/uploads\\\/sites\\\/3\\\/2025\\\/09\\\/IMG_2327-1-225x300.jpeg\",\"datePublished\":\"2025-09-24T13:02:56+00:00\",\"dateModified\":\"2025-09-25T15:00:34+00:00\",\"breadcrumb\":{\"@id\":\"https:\\\/\\\/jensanthoons.be\\\/fr\\\/psychotherapie\\\/#breadcrumb\"},\"inLanguage\":\"fr-FR\",\"potentialAction\":[{\"@type\":\"ReadAction\",\"target\":[\"https:\\\/\\\/jensanthoons.be\\\/fr\\\/psychotherapie\\\/\"]}]},{\"@type\":\"ImageObject\",\"inLanguage\":\"fr-FR\",\"@id\":\"https:\\\/\\\/jensanthoons.be\\\/fr\\\/psychotherapie\\\/#primaryimage\",\"url\":\"https:\\\/\\\/jensanthoons.be\\\/fr\\\/wp-content\\\/uploads\\\/sites\\\/3\\\/2025\\\/09\\\/IMG_2327-1.jpeg\",\"contentUrl\":\"https:\\\/\\\/jensanthoons.be\\\/fr\\\/wp-content\\\/uploads\\\/sites\\\/3\\\/2025\\\/09\\\/IMG_2327-1.jpeg\",\"width\":960,\"height\":1280},{\"@type\":\"BreadcrumbList\",\"@id\":\"https:\\\/\\\/jensanthoons.be\\\/fr\\\/psychotherapie\\\/#breadcrumb\",\"itemListElement\":[{\"@type\":\"ListItem\",\"position\":1,\"name\":\"Home\",\"item\":\"https:\\\/\\\/jensanthoons.be\\\/fr\\\/\"},{\"@type\":\"ListItem\",\"position\":2,\"name\":\"Psychoth\u00e9rapie\"}]},{\"@type\":\"WebSite\",\"@id\":\"https:\\\/\\\/jensanthoons.be\\\/fr\\\/#website\",\"url\":\"https:\\\/\\\/jensanthoons.be\\\/fr\\\/\",\"name\":\"Psychologue - Bruxelles\",\"description\":\"Psychoth\u00e9rapie - Psychanalyse\",\"potentialAction\":[{\"@type\":\"SearchAction\",\"target\":{\"@type\":\"EntryPoint\",\"urlTemplate\":\"https:\\\/\\\/jensanthoons.be\\\/fr\\\/?s={search_term_string}\"},\"query-input\":{\"@type\":\"PropertyValueSpecification\",\"valueRequired\":true,\"valueName\":\"search_term_string\"}}],\"inLanguage\":\"fr-FR\"}]}<\/script>\n<!-- \/ Yoast SEO plugin. -->","yoast_head_json":{"title":"Psychoth\u00e9rapie - Psychologue - Bruxelles","robots":{"index":"index","follow":"follow","max-snippet":"max-snippet:-1","max-image-preview":"max-image-preview:large","max-video-preview":"max-video-preview:-1"},"canonical":"https:\/\/jensanthoons.be\/fr\/psychotherapie\/","og_locale":"fr_FR","og_type":"article","og_title":"Psychoth\u00e9rapie - Psychologue - Bruxelles","og_description":"La psychoth\u00e9rapie psychanalytique est une application de la psychanalyse qui vous permet de parler de votre situation actuelle dans un cadre d\u00e9fini. Il est faux de croire que la psychanalyse s&rsquo;int\u00e9resse principalement au pass\u00e9, car vos solutions pour aujourd&rsquo;hui ne se trouvent pas dans le pass\u00e9. Elle examine toutefois comment les exp\u00e9riences et les nouages [&hellip;]","og_url":"https:\/\/jensanthoons.be\/fr\/psychotherapie\/","og_site_name":"Psychologue - Bruxelles","article_modified_time":"2025-09-25T15:00:34+00:00","og_image":[{"width":960,"height":1280,"url":"https:\/\/jensanthoons.be\/fr\/wp-content\/uploads\/sites\/3\/2025\/09\/IMG_2327-1.jpeg","type":"image\/jpeg"}],"twitter_card":"summary_large_image","twitter_misc":{"Dur\u00e9e de lecture estim\u00e9e":"2 minutes"},"schema":{"@context":"https:\/\/schema.org","@graph":[{"@type":"WebPage","@id":"https:\/\/jensanthoons.be\/fr\/psychotherapie\/","url":"https:\/\/jensanthoons.be\/fr\/psychotherapie\/","name":"Psychoth\u00e9rapie - Psychologue - Bruxelles","isPartOf":{"@id":"https:\/\/jensanthoons.be\/fr\/#website"},"primaryImageOfPage":{"@id":"https:\/\/jensanthoons.be\/fr\/psychotherapie\/#primaryimage"},"image":{"@id":"https:\/\/jensanthoons.be\/fr\/psychotherapie\/#primaryimage"},"thumbnailUrl":"https:\/\/jensanthoons.be\/fr\/wp-content\/uploads\/sites\/3\/2025\/09\/IMG_2327-1-225x300.jpeg","datePublished":"2025-09-24T13:02:56+00:00","dateModified":"2025-09-25T15:00:34+00:00","breadcrumb":{"@id":"https:\/\/jensanthoons.be\/fr\/psychotherapie\/#breadcrumb"},"inLanguage":"fr-FR","potentialAction":[{"@type":"ReadAction","target":["https:\/\/jensanthoons.be\/fr\/psychotherapie\/"]}]},{"@type":"ImageObject","inLanguage":"fr-FR","@id":"https:\/\/jensanthoons.be\/fr\/psychotherapie\/#primaryimage","url":"https:\/\/jensanthoons.be\/fr\/wp-content\/uploads\/sites\/3\/2025\/09\/IMG_2327-1.jpeg","contentUrl":"https:\/\/jensanthoons.be\/fr\/wp-content\/uploads\/sites\/3\/2025\/09\/IMG_2327-1.jpeg","width":960,"height":1280},{"@type":"BreadcrumbList","@id":"https:\/\/jensanthoons.be\/fr\/psychotherapie\/#breadcrumb","itemListElement":[{"@type":"ListItem","position":1,"name":"Home","item":"https:\/\/jensanthoons.be\/fr\/"},{"@type":"ListItem","position":2,"name":"Psychoth\u00e9rapie"}]},{"@type":"WebSite","@id":"https:\/\/jensanthoons.be\/fr\/#website","url":"https:\/\/jensanthoons.be\/fr\/","name":"Psychologue - Bruxelles","description":"Psychoth\u00e9rapie - Psychanalyse","potentialAction":[{"@type":"SearchAction","target":{"@type":"EntryPoint","urlTemplate":"https:\/\/jensanthoons.be\/fr\/?s={search_term_string}"},"query-input":{"@type":"PropertyValueSpecification","valueRequired":true,"valueName":"search_term_string"}}],"inLanguage":"fr-FR"}]}},"_links":{"self":[{"href":"https:\/\/jensanthoons.be\/fr\/wp-json\/wp\/v2\/pages\/17","targetHints":{"allow":["GET"]}}],"collection":[{"href":"https:\/\/jensanthoons.be\/fr\/wp-json\/wp\/v2\/pages"}],"about":[{"href":"https:\/\/jensanthoons.be\/fr\/wp-json\/wp\/v2\/types\/page"}],"author":[{"embeddable":true,"href":"https:\/\/jensanthoons.be\/fr\/wp-json\/wp\/v2\/users\/1"}],"replies":[{"embeddable":true,"href":"https:\/\/jensanthoons.be\/fr\/wp-json\/wp\/v2\/comments?post=17"}],"version-history":[{"count":7,"href":"https:\/\/jensanthoons.be\/fr\/wp-json\/wp\/v2\/pages\/17\/revisions"}],"predecessor-version":[{"id":58,"href":"https:\/\/jensanthoons.be\/fr\/wp-json\/wp\/v2\/pages\/17\/revisions\/58"}],"wp:attachment":[{"href":"https:\/\/jensanthoons.be\/fr\/wp-json\/wp\/v2\/media?parent=17"}],"curies":[{"name":"wp","href":"https:\/\/api.w.org\/{rel}","templated":true}]}}